{"id":82,"date":"2023-01-05T09:38:58","date_gmt":"2023-01-05T09:38:58","guid":{"rendered":"https:\/\/vicvape.com\/?post_type=product&#038;p=82"},"modified":"2025-05-13T12:54:10","modified_gmt":"2025-05-13T12:54:10","slug":"crystal-sour-apple","status":"publish","type":"product","link":"https:\/\/vicvape.com\/sk\/produkt\/crystal-sour-apple\/","title":{"rendered":"Crystal Sour Apple"},"content":{"rendered":"<p><strong>PARAMETRE<\/strong><br \/>\nVe\u013ekos\u0165: 17x17x104 mm<br \/>\nKapacita E-LIQUID: 2,0 ml<br \/>\nKapacita bat\u00e9rie: 550MAH<br \/>\nPo\u010det \u0165ahov: 600 +<br \/>\nCievka: 1,2\u03a9 MESH CIEvka<br \/>\nZlo\u017eenie: rastlinn\u00fd glycer\u00edn, propyl\u00e9n glykol, ar\u00f3my, nikot\u00edn.<br \/>\n2 MG = 2 UG nikot\u00ednu na jedno potiahnutie, (2 %)\/ML obsah nikot\u00ednu.<\/p>\n<p><strong>UPOZORNENIE<\/strong><br \/>\n\"Nov\u00fd pou\u017e\u00edvatelia E-cigariet m\u00f4\u017eu c\u00edti\u0165 podr\u00e1\u017edenie \u00fast, such\u00e9 hrdlo alebo ka\u0161e\u013e ak sa nad\u00fdchnu z inhal\u00e1tora prive\u013ea alebo pou\u017e\u00edvaj\u00fa produkt ve\u013emi \u010dasto.\nM\u00f4\u017eete poc\u00edti\u0165 jeden alebo viac z nasleduj\u00facich efektov: pocit na odpadnutie, nevo\u013enos\u0165, ka\u0161e\u013e, podr\u00e1\u017edenie \u00fast alebo hrdla, z\u00e1vrate, podr\u00e1\u017edenie \u017eal\u00fadka, \u010dkanie, zvracanie, b\u00fa\u0161enie v hrudn\u00edku, , neobvykl\u00e1 srde\u010dn\u00e1 \u010dinnos\u0165. Ak niektor\u00e9 z t\u00fdchto ved\u013eaj\u0161\u00edch \u00fa\u010dinkov poc\u00edtite, presta\u0148te produkt  okam\u017eite pou\u017e\u00edva\u0165, pora\u010fte sa s lek\u00e1rom alebo zdravotn\u00fdm odborn\u00edkom a nahl\u00e1ste podrobnosti o ved\u013eaj\u0161\u00edch \u00fa\u010dinkoch.<\/p>\n<p><strong>IN\u0160TRUKCIE<\/strong><br \/>\nUistite sa, \u017ee je kontajner \u00faplne zatvoren\u00fd a vo vzpriamenej polohe. Skladujte produkt pri teplote medzi 18-30 \u00b0C a mimo slne\u010dn\u00e9ho \u017eiarenia. Produkt neskladujte v chladni\u010dke, nezohrievajte, nezmrazujte. Uchov\u00e1vajte produkt mimo dosahu det\u00ed a zvierat.<\/p>\n<p><strong>UPOZORNENIE A PREDBE\u017dN\u00c9 OPATRENIA<\/strong><br \/>\nTento produkt sa neodpor\u00fa\u010da pou\u017e\u00edva\u0165 mlad\u00fdm \u013eu\u010fom (pod 18 rokov)a tehotn\u00fd, alebo doj\u010diacim \u017een\u00e1m alebo t\u00fdm, ktor\u00ed maj\u00fa zdravotn\u00e9 \u0165a\u017ekosti. Pros\u00edm pre\u010d\u00edtajte si t\u00fato inform\u00e1ciu predt\u00fdm ne\u017e za\u010dnete s pou\u017e\u00edvan\u00edm tohto produktu.<\/p>\n<p style=\"text-align: center;\"><strong>Upozornenie: Tento produkt obsahuje nikot\u00edn! Nikot\u00edn je n\u00e1vykov\u00e1 l\u00e1tka!<\/strong><\/p>","protected":false},"excerpt":{"rendered":"<p>Flavour: Sour Apple<\/p>\n<p>Crystal 600 disposable vapes are constructed with stainless steel and a food-grade PCTG material to present a stunning crystal design.<\/p>","protected":false},"featured_media":70,"template":"","meta":{"_seopress_robots_primary_cat":"none"},"product_cat":[120],"product_tag":[],"bundled_by":["211","252","253","254"],"bundle_stock_status":"outofstock","bundle_stock_quantity":null,"bundle_virtual":false,"bundle_layout":"","bundle_add_to_cart_form_location":"","bundle_editable_in_cart":false,"bundle_sold_individually_context":"","bundle_item_grouping":"","bundle_min_size":"","bundle_max_size":"","bundle_price":[],"bundled_items":[],"bundle_sell_ids":[],"_links":{"self":[{"href":"https:\/\/vicvape.com\/sk\/wp-json\/wp\/v2\/product\/82"}],"collection":[{"href":"https:\/\/vicvape.com\/sk\/wp-json\/wp\/v2\/product"}],"about":[{"href":"https:\/\/vicvape.com\/sk\/wp-json\/wp\/v2\/types\/product"}],"wp:featuredmedia":[{"embeddable":true,"href":"https:\/\/vicvape.com\/sk\/wp-json\/wp\/v2\/media\/70"}],"wp:attachment":[{"href":"https:\/\/vicvape.com\/sk\/wp-json\/wp\/v2\/media?parent=82"}],"wp:term":[{"taxonomy":"product_cat","embeddable":true,"href":"https:\/\/vicvape.com\/sk\/wp-json\/wp\/v2\/product_cat?post=82"},{"taxonomy":"product_tag","embeddable":true,"href":"https:\/\/vicvape.com\/sk\/wp-json\/wp\/v2\/product_tag?post=82"}],"curies":[{"name":"wp","href":"https:\/\/api.w.org\/{rel}","templated":true}]}}