{"id":253,"date":"2023-01-17T20:40:25","date_gmt":"2023-01-17T20:40:25","guid":{"rendered":"https:\/\/vicvape.com\/?post_type=product&#038;p=253"},"modified":"2025-05-13T12:54:09","modified_gmt":"2025-05-13T12:54:09","slug":"smart-pack","status":"publish","type":"product","link":"https:\/\/vicvape.com\/sk\/produkt\/smart-pack\/","title":{"rendered":"Smart Pack"},"content":{"rendered":"","protected":false},"excerpt":{"rendered":"<p>7 vapy, vyberte si svoje ob\u013e\u00faben\u00e9 pr\u00edchute vo\u013ene!<\/p>","protected":false},"featured_media":632,"template":"","meta":{"_seopress_robots_primary_cat":"none"},"product_cat":[67],"product_tag":[],"bundled_by":[],"bundle_stock_status":"outofstock","bundle_stock_quantity":0,"bundle_virtual":false,"bundle_layout":"default","bundle_add_to_cart_form_location":"default","bundle_editable_in_cart":false,"bundle_sold_individually_context":"product","bundle_item_grouping":"parent","bundle_min_size":7,"bundle_max_size":7,"bundle_price":{"price":{"min":{"incl_tax":"50.4","excl_tax":"42"},"max":{"incl_tax":"50.4","excl_tax":"42"}},"regular_price":{"min":{"incl_tax":"50.4","excl_tax":"42"},"max":{"incl_tax":"50.4","excl_tax":"42"}}},"bundled_items":[{"bundled_item_id":11,"product_id":74,"menu_order":0,"quantity_min":1,"quantity_max":7,"quantity_default":1,"priced_individually":false,"shipped_individually":false,"override_title":false,"title":"Crystal Menthol","override_description":true,"description":"","optional":true,"hide_thumbnail":false,"discount":"","override_variations":false,"allowed_variations":[],"override_default_variation_attributes":false,"default_variation_attributes":[],"single_product_visibility":"visible","cart_visibility":"visible","order_visibility":"visible","single_product_price_visibility":"visible","cart_price_visibility":"visible","order_price_visibility":"visible","stock_status":"out_of_stock"},{"bundled_item_id":12,"product_id":82,"menu_order":1,"quantity_min":1,"quantity_max":7,"quantity_default":1,"priced_individually":false,"shipped_individually":false,"override_title":false,"title":"Crystal Sour Apple","override_description":true,"description":"","optional":true,"hide_thumbnail":false,"discount":"","override_variations":false,"allowed_variations":[],"override_default_variation_attributes":false,"default_variation_attributes":[],"single_product_visibility":"visible","cart_visibility":"visible","order_visibility":"visible","single_product_price_visibility":"visible","cart_price_visibility":"visible","order_price_visibility":"visible","stock_status":"out_of_stock"},{"bundled_item_id":15,"product_id":97,"menu_order":2,"quantity_min":1,"quantity_max":7,"quantity_default":1,"priced_individually":false,"shipped_individually":false,"override_title":false,"title":"Crystal Watermelon Freeze","override_description":true,"description":"","optional":true,"hide_thumbnail":false,"discount":"","override_variations":false,"allowed_variations":[],"override_default_variation_attributes":false,"default_variation_attributes":[],"single_product_visibility":"visible","cart_visibility":"visible","order_visibility":"visible","single_product_price_visibility":"visible","cart_price_visibility":"visible","order_price_visibility":"visible","stock_status":"out_of_stock"},{"bundled_item_id":81,"product_id":96,"menu_order":3,"quantity_min":1,"quantity_max":7,"quantity_default":1,"priced_individually":false,"shipped_individually":false,"override_title":false,"title":"Crystal Very Berry Cranberry","override_description":true,"description":"","optional":true,"hide_thumbnail":false,"discount":"","override_variations":false,"allowed_variations":[],"override_default_variation_attributes":false,"default_variation_attributes":[],"single_product_visibility":"visible","cart_visibility":"visible","order_visibility":"visible","single_product_price_visibility":"visible","cart_price_visibility":"visible","order_price_visibility":"visible","stock_status":"out_of_stock"},{"bundled_item_id":82,"product_id":95,"menu_order":4,"quantity_min":1,"quantity_max":7,"quantity_default":1,"priced_individually":false,"shipped_individually":false,"override_title":false,"title":"Crystal Strawberry Lemonade","override_description":true,"description":"","optional":true,"hide_thumbnail":false,"discount":"","override_variations":false,"allowed_variations":[],"override_default_variation_attributes":false,"default_variation_attributes":[],"single_product_visibility":"visible","cart_visibility":"visible","order_visibility":"visible","single_product_price_visibility":"visible","cart_price_visibility":"visible","order_price_visibility":"visible","stock_status":"out_of_stock"}],"bundle_sell_ids":[],"_links":{"self":[{"href":"https:\/\/vicvape.com\/sk\/wp-json\/wp\/v2\/product\/253"}],"collection":[{"href":"https:\/\/vicvape.com\/sk\/wp-json\/wp\/v2\/product"}],"about":[{"href":"https:\/\/vicvape.com\/sk\/wp-json\/wp\/v2\/types\/product"}],"wp:featuredmedia":[{"embeddable":true,"href":"https:\/\/vicvape.com\/sk\/wp-json\/wp\/v2\/media\/632"}],"wp:attachment":[{"href":"https:\/\/vicvape.com\/sk\/wp-json\/wp\/v2\/media?parent=253"}],"wp:term":[{"taxonomy":"product_cat","embeddable":true,"href":"https:\/\/vicvape.com\/sk\/wp-json\/wp\/v2\/product_cat?post=253"},{"taxonomy":"product_tag","embeddable":true,"href":"https:\/\/vicvape.com\/sk\/wp-json\/wp\/v2\/product_tag?post=253"}],"curies":[{"name":"wp","href":"https:\/\/api.w.org\/{rel}","templated":true}]}}