{"id":158,"date":"2023-01-05T17:55:58","date_gmt":"2023-01-05T17:55:58","guid":{"rendered":"https:\/\/vicvape.com\/?page_id=158"},"modified":"2023-01-27T11:54:55","modified_gmt":"2023-01-27T11:54:55","slug":"wholesale","status":"publish","type":"page","link":"https:\/\/vicvape.com\/sk\/wholesale\/","title":{"rendered":"Ve\u013ekoobchod"},"content":{"rendered":"<p class=\" translation-block\">Ak m\u00e1te ot\u00e1zky t\u00fdkaj\u00face sa ve\u013ekoobchodnej distrib\u00facie, kontaktujte pros\u00edm <a href=\"mailto:info@vicvape.com\" target=\"_self\">info@vicvape.com<\/a> alebo vypl\u0148te ni\u017e\u0161ie uveden\u00fd formul\u00e1r:<\/p>\n\n\n\n<div style=\"height:50px\" aria-hidden=\"true\" class=\"wp-block-spacer\"><\/div>","protected":false},"excerpt":{"rendered":"<p class=\" translation-block\">Ak m\u00e1te ot\u00e1zky t\u00fdkaj\u00face sa ve\u013ekoobchodnej distrib\u00facie, kontaktujte pros\u00edm <a href=\"mailto:info@vicvape.com\" target=\"_self\">info@vicvape.com<\/a> alebo vypl\u0148te ni\u017e\u0161ie uveden\u00fd formul\u00e1r:<\/p>","protected":false},"author":1,"featured_media":0,"parent":0,"menu_order":0,"comment_status":"closed","ping_status":"closed","template":"","meta":{"_seopress_robots_primary_cat":""},"blocksy_meta":{"styles_descriptor":{"styles":{"desktop":"","tablet":"","mobile":""},"google_fonts":[],"version":5}},"_links":{"self":[{"href":"https:\/\/vicvape.com\/sk\/wp-json\/wp\/v2\/pages\/158"}],"collection":[{"href":"https:\/\/vicvape.com\/sk\/wp-json\/wp\/v2\/pages"}],"about":[{"href":"https:\/\/vicvape.com\/sk\/wp-json\/wp\/v2\/types\/page"}],"author":[{"embeddable":true,"href":"https:\/\/vicvape.com\/sk\/wp-json\/wp\/v2\/users\/1"}],"replies":[{"embeddable":true,"href":"https:\/\/vicvape.com\/sk\/wp-json\/wp\/v2\/comments?post=158"}],"version-history":[{"count":4,"href":"https:\/\/vicvape.com\/sk\/wp-json\/wp\/v2\/pages\/158\/revisions"}],"predecessor-version":[{"id":403,"href":"https:\/\/vicvape.com\/sk\/wp-json\/wp\/v2\/pages\/158\/revisions\/403"}],"wp:attachment":[{"href":"https:\/\/vicvape.com\/sk\/wp-json\/wp\/v2\/media?parent=158"}],"curies":[{"name":"wp","href":"https:\/\/api.w.org\/{rel}","templated":true}]}}