{"id":74,"date":"2023-01-05T09:17:46","date_gmt":"2023-01-05T09:17:46","guid":{"rendered":"https:\/\/vicvape.com\/?post_type=product&#038;p=74"},"modified":"2025-05-13T12:54:10","modified_gmt":"2025-05-13T12:54:10","slug":"crystal-menthol","status":"publish","type":"product","link":"https:\/\/vicvape.com\/fr\/produit\/crystal-menthol\/","title":{"rendered":"Crystal Menthol"},"content":{"rendered":"<p><strong>PARAM\u00c8TRES<\/strong><br \/>\nTAILLE : 17*17*104MM<br \/>\nCAPACIT\u00c9 DU E-LIQUIDE : 2.0ML<br \/>\nCAPACIT\u00c9 DE LA BATTERIE : 550MAH<br \/>\nNOMBRE DE BOUFF\u00c9ES : 600+ BOUFF\u00c9ES<br \/>\nRESISTANCE: 1.2\u03a9MESH COIL<br \/>\nINGR\u00c9DIENTS : GLYC\u00c9RINE V\u00c9G\u00c9TALE, PROPYL\u00c8NE GLYCOL, AR\u00d4MES, NICOTINE.<br \/>\n2MG=2UG DE NICOTINE PAR BOUFF\u00c9E, (2%)\/ML DE TENEUR EN NICOTINE.<\/p>\n<p><strong>AVERTISSEMENTS<\/strong><br \/>\n\"LES PERSONNES QUI UTILISENT L'E-CIGARETTE POUR LA PREMI\u00c8RE FOIS PEUVENT RESSENTIR UNE L\u00c9G\u00c8RE IRRITATION BUCCALE, UNE S\u00c9CHERESSE DE LA GORGE OU UNE TOUX SI ELLES INHALENT TROP FORT OU UTILISENT TROP LE PRODUIT. VOUS POUVEZ RESSENTIR UN OU PLUSIEURS DES EFFETS SUIVANTS SENSATION D'\u00c9VANOUISSEMENT, NAUS\u00c9E, TOUX, IRRITATION DE LA BOUCHE OU DE LA GORGE, VERTIGES, MALAISES GASTRIQUES, HOQUET, VOMISSEMENTS, PALPITATIONS THORACIQUES, RYTHME CARDIAQUE ANORMAL. SI VOUS RESSENTEZ L'UN DES EFFETS SECONDAIRES CIT\u00c9S CI-DESSUS, CESSEZ IMM\u00c9DIATEMENT TOUTE UTILISATION DE CE PRODUIT.\nSI LES EFFETS PERSISTENT APR\u00c8S L'ARR\u00caT DE L'UTILISATION, CONSULTEZ VOTRE M\u00c9DECIN OU VOTRE PROFESSIONNEL DE SANT\u00c9 ET SIGNALEZ-LEUR L'INCIDENT EN D\u00c9TAIL, CONFORM\u00c9MENT AUX INSTRUCTIONS.<\/p>\n<p><strong>INSTRUCTIONS<\/strong><br \/>\nVEUILLEZ VOUS ASSURER QUE LE CONTENANT EST COMPL\u00c8TEMENT FERM\u00c9 ET EN POSITION VERTICALE. CONSERVER LE PRODUIT A UNE TEMP\u00c9RATURE ENTRE 18-30\u00b0C ET \u00c0 L'ABRI DE LA LUMI\u00c8RE DIRECTE DU SOLEIL. NE PAS R\u00c9FRIG\u00c9RER, CONGELER OU CHAUFFER LE PRODUIT. GARDEZ LE PRODUIT HORS DE LA VUE ET DE LA PORT\u00c9E DES ENFANTS ET DES ANIMAUX.<\/p>\n<p><strong>AVERTISSEMENTS ET PR\u00c9CAUTIONS<\/strong><br \/>\n\"CE PRODUIT EST D\u00c9CONSEILL\u00c9 AUX JEUNES (MOINS DE 18 ANS), AUX FEMMES ENCEINTES OU ALLAITANTES ET AUX PERSONNES SOUFFRANT DE PROBL\u00c8MES DE SANT\u00c9 G\u00c9N\u00c9RAUX.\nVEUILLEZ LIRE ATTENTIVEMENT TOUTES CES INFORMATIONS AVANT DE COMMENCER \u00c0 UTILISER CE PRODUIT.\n\"<\/p>\n<p style=\"text-align: center;\"><strong>ATTENTION: Ce produit contient de la nicotine. La nicotine est un produit mortelle qui cr\u00e9e une d\u00e9pendance.<\/strong><\/p>","protected":false},"excerpt":{"rendered":"<p>Ar\u00f4me : Menthol<br \/>\nBouff\u00e9e : 600+ bouff\u00e9es<br \/>\nCapacit\u00e9 en e-liquide : 2,0 ml<br \/>\nBatterie : 550 mAh<br \/>\nNicotine: 2%<\/p>\n<p>Les vapes \u00e0 usage unqiue Crystal 600 sont construites en acier inoxydable et en mat\u00e9riau PCTG de qualit\u00e9 alimentaire pour pr\u00e9senter un design cristal \u00e9tonnant.<\/p>\n<p>Produits conformes \u00e0 la directive TPD.<\/p>","protected":false},"featured_media":69,"template":"","meta":{"_seopress_robots_primary_cat":"none"},"product_cat":[120],"product_tag":[],"bundled_by":["211","252","253","254"],"bundle_stock_status":"outofstock","bundle_stock_quantity":null,"bundle_virtual":false,"bundle_layout":"","bundle_add_to_cart_form_location":"","bundle_editable_in_cart":false,"bundle_sold_individually_context":"","bundle_item_grouping":"","bundle_min_size":"","bundle_max_size":"","bundle_price":[],"bundled_items":[],"bundle_sell_ids":[],"_links":{"self":[{"href":"https:\/\/vicvape.com\/fr\/wp-json\/wp\/v2\/product\/74"}],"collection":[{"href":"https:\/\/vicvape.com\/fr\/wp-json\/wp\/v2\/product"}],"about":[{"href":"https:\/\/vicvape.com\/fr\/wp-json\/wp\/v2\/types\/product"}],"wp:featuredmedia":[{"embeddable":true,"href":"https:\/\/vicvape.com\/fr\/wp-json\/wp\/v2\/media\/69"}],"wp:attachment":[{"href":"https:\/\/vicvape.com\/fr\/wp-json\/wp\/v2\/media?parent=74"}],"wp:term":[{"taxonomy":"product_cat","embeddable":true,"href":"https:\/\/vicvape.com\/fr\/wp-json\/wp\/v2\/product_cat?post=74"},{"taxonomy":"product_tag","embeddable":true,"href":"https:\/\/vicvape.com\/fr\/wp-json\/wp\/v2\/product_tag?post=74"}],"curies":[{"name":"wp","href":"https:\/\/api.w.org\/{rel}","templated":true}]}}