{"id":211,"date":"2023-01-16T14:43:30","date_gmt":"2023-01-16T14:43:30","guid":{"rendered":"https:\/\/vicvape.com\/?post_type=product&#038;p=211"},"modified":"2025-05-13T12:54:09","modified_gmt":"2025-05-13T12:54:09","slug":"free-delivery-pack","status":"publish","type":"product","link":"https:\/\/vicvape.com\/fr\/produit\/free-delivery-pack\/","title":{"rendered":"Free Delivery Pack"},"content":{"rendered":"","protected":false},"excerpt":{"rendered":"<p>15 vapes, choisissez librement vos ar\u00f4mes pr\u00e9f\u00e9r\u00e9s!<br \/>\nNo delivery cost.<\/p>","protected":false},"featured_media":634,"template":"","meta":{"_seopress_robots_primary_cat":"none"},"product_cat":[67],"product_tag":[],"bundled_by":[],"bundle_stock_status":"outofstock","bundle_stock_quantity":0,"bundle_virtual":false,"bundle_layout":"default","bundle_add_to_cart_form_location":"default","bundle_editable_in_cart":false,"bundle_sold_individually_context":"product","bundle_item_grouping":"parent","bundle_min_size":15,"bundle_max_size":15,"bundle_price":{"price":{"min":{"incl_tax":"103.5","excl_tax":"86.25"},"max":{"incl_tax":"103.5","excl_tax":"86.25"}},"regular_price":{"min":{"incl_tax":"103.5","excl_tax":"86.25"},"max":{"incl_tax":"103.5","excl_tax":"86.25"}}},"bundled_items":[{"bundled_item_id":1,"product_id":74,"menu_order":0,"quantity_min":1,"quantity_max":15,"quantity_default":1,"priced_individually":false,"shipped_individually":false,"override_title":false,"title":"Crystal Menthol","override_description":true,"description":"","optional":true,"hide_thumbnail":false,"discount":"","override_variations":false,"allowed_variations":[],"override_default_variation_attributes":false,"default_variation_attributes":[],"single_product_visibility":"visible","cart_visibility":"visible","order_visibility":"visible","single_product_price_visibility":"visible","cart_price_visibility":"visible","order_price_visibility":"visible","stock_status":"out_of_stock"},{"bundled_item_id":2,"product_id":82,"menu_order":1,"quantity_min":1,"quantity_max":15,"quantity_default":1,"priced_individually":false,"shipped_individually":false,"override_title":false,"title":"Crystal Sour Apple","override_description":true,"description":"","optional":true,"hide_thumbnail":false,"discount":"","override_variations":false,"allowed_variations":[],"override_default_variation_attributes":false,"default_variation_attributes":[],"single_product_visibility":"visible","cart_visibility":"visible","order_visibility":"visible","single_product_price_visibility":"visible","cart_price_visibility":"visible","order_price_visibility":"visible","stock_status":"out_of_stock"},{"bundled_item_id":5,"product_id":97,"menu_order":2,"quantity_min":1,"quantity_max":15,"quantity_default":1,"priced_individually":false,"shipped_individually":false,"override_title":false,"title":"Crystal Watermelon Freeze","override_description":true,"description":"","optional":true,"hide_thumbnail":false,"discount":"","override_variations":false,"allowed_variations":[],"override_default_variation_attributes":false,"default_variation_attributes":[],"single_product_visibility":"visible","cart_visibility":"visible","order_visibility":"visible","single_product_price_visibility":"visible","cart_price_visibility":"visible","order_price_visibility":"visible","stock_status":"out_of_stock"},{"bundled_item_id":77,"product_id":96,"menu_order":3,"quantity_min":1,"quantity_max":15,"quantity_default":1,"priced_individually":false,"shipped_individually":false,"override_title":false,"title":"Crystal Very Berry Cranberry","override_description":true,"description":"","optional":true,"hide_thumbnail":false,"discount":"","override_variations":false,"allowed_variations":[],"override_default_variation_attributes":false,"default_variation_attributes":[],"single_product_visibility":"visible","cart_visibility":"visible","order_visibility":"visible","single_product_price_visibility":"visible","cart_price_visibility":"visible","order_price_visibility":"visible","stock_status":"out_of_stock"},{"bundled_item_id":78,"product_id":95,"menu_order":4,"quantity_min":1,"quantity_max":15,"quantity_default":1,"priced_individually":false,"shipped_individually":false,"override_title":false,"title":"Crystal Strawberry Lemonade","override_description":true,"description":"","optional":true,"hide_thumbnail":false,"discount":"","override_variations":false,"allowed_variations":[],"override_default_variation_attributes":false,"default_variation_attributes":[],"single_product_visibility":"visible","cart_visibility":"visible","order_visibility":"visible","single_product_price_visibility":"visible","cart_price_visibility":"visible","order_price_visibility":"visible","stock_status":"out_of_stock"}],"bundle_sell_ids":[],"_links":{"self":[{"href":"https:\/\/vicvape.com\/fr\/wp-json\/wp\/v2\/product\/211"}],"collection":[{"href":"https:\/\/vicvape.com\/fr\/wp-json\/wp\/v2\/product"}],"about":[{"href":"https:\/\/vicvape.com\/fr\/wp-json\/wp\/v2\/types\/product"}],"wp:featuredmedia":[{"embeddable":true,"href":"https:\/\/vicvape.com\/fr\/wp-json\/wp\/v2\/media\/634"}],"wp:attachment":[{"href":"https:\/\/vicvape.com\/fr\/wp-json\/wp\/v2\/media?parent=211"}],"wp:term":[{"taxonomy":"product_cat","embeddable":true,"href":"https:\/\/vicvape.com\/fr\/wp-json\/wp\/v2\/product_cat?post=211"},{"taxonomy":"product_tag","embeddable":true,"href":"https:\/\/vicvape.com\/fr\/wp-json\/wp\/v2\/product_tag?post=211"}],"curies":[{"name":"wp","href":"https:\/\/api.w.org\/{rel}","templated":true}]}}