{"id":374,"date":"2023-01-27T09:24:25","date_gmt":"2023-01-27T09:24:25","guid":{"rendered":"https:\/\/vicvape.com\/?page_id=374"},"modified":"2023-02-15T17:42:53","modified_gmt":"2023-02-15T17:42:53","slug":"featured-vapes","status":"publish","type":"page","link":"https:\/\/vicvape.com\/fr\/featured-vapes\/","title":{"rendered":"Vapeurs en vedette"},"content":{"rendered":"<div class=\"wp-block-cover alignfull\" style=\"min-height:450px\"><span aria-hidden=\"true\" class=\"wp-block-cover__background has-background-dim-60 has-background-dim\"><\/span><img decoding=\"async\" width=\"2560\" height=\"1707\" class=\"wp-block-cover__image-background wp-image-382\" alt=\"VicVape\" src=\"https:\/\/vicvape.com\/wp-content\/uploads\/2023\/01\/vicvape_banner_home_03.jpg\" style=\"object-position:50% 35%\" data-object-fit=\"cover\" data-object-position=\"50% 35%\" srcset=\"https:\/\/vicvape.com\/wp-content\/uploads\/2023\/01\/vicvape_banner_home_03.jpg 2560w, https:\/\/vicvape.com\/wp-content\/uploads\/2023\/01\/vicvape_banner_home_03-600x400.jpg 600w, https:\/\/vicvape.com\/wp-content\/uploads\/2023\/01\/vicvape_banner_home_03-300x200.jpg 300w, https:\/\/vicvape.com\/wp-content\/uploads\/2023\/01\/vicvape_banner_home_03-1024x683.jpg 1024w, https:\/\/vicvape.com\/wp-content\/uploads\/2023\/01\/vicvape_banner_home_03-768x512.jpg 768w, https:\/\/vicvape.com\/wp-content\/uploads\/2023\/01\/vicvape_banner_home_03-1536x1024.jpg 1536w, https:\/\/vicvape.com\/wp-content\/uploads\/2023\/01\/vicvape_banner_home_03-2048x1366.jpg 2048w\" sizes=\"(max-width: 2560px) 100vw, 2560px\" \/><div class=\"wp-block-cover__inner-container\">\n<div class=\"wp-block-getwid-advanced-heading has-custom-font-size fs-tablet-70 fs-mobile-50\" style=\"font-size:4em\"><h1 class=\"wp-block-getwid-advanced-heading__content has-text-color has-palette-color-8-color\" style=\"text-align:center;font-weight:300;text-transform:uppercase\">Vapeurs en vedette<\/h1><\/div>\n\n\n\n<p class=\"has-text-align-center\">Les coils Mesh fonctionnent plus rapidement que les coils ordinaires, ce qui signifie qu'ils offrent dees bouff\u00e9es plus robustes et plus efficaces que leurs homologues, d\u00e9livrant une meilleure saveur et vapeur. Meilleure production de vapeur : Gr\u00e2ce \u00e0 leur surface plus importante, les mesh coils offrent une meilleure production de go\u00fbt.<\/p>\n<\/div><\/div>\n\n\n\n<div style=\"height:50px\" aria-hidden=\"true\" class=\"wp-block-spacer\"><\/div>\n\n\n<div class=\"woocommerce columns-4\"><ul data-products=\"type-1\" data-hover=\"swap\" class=\"products columns-4\">\n<li class=\"product type-product post-97 status-publish first outofstock product_cat-crystal has-post-thumbnail sale featured taxable shipping-taxable purchasable product-type-simple\">\n\t<\/li>\n<li class=\"product type-product post-96 status-publish outofstock product_cat-crystal has-post-thumbnail sale featured taxable shipping-taxable purchasable product-type-simple\">\n\t<\/li>\n<li class=\"product type-product post-95 status-publish outofstock product_cat-crystal has-post-thumbnail sale featured taxable shipping-taxable purchasable product-type-simple\">\n\t<\/li>\n<li class=\"product type-product post-82 status-publish last outofstock product_cat-crystal has-post-thumbnail sale featured taxable shipping-taxable purchasable product-type-simple\">\n\t<\/li>\n<li class=\"product type-product post-74 status-publish first outofstock product_cat-crystal has-post-thumbnail sale featured taxable shipping-taxable purchasable product-type-simple\">\n\t<\/li>\n<\/ul>\n<\/div>","protected":false},"excerpt":{"rendered":"","protected":false},"author":1,"featured_media":0,"parent":0,"menu_order":0,"comment_status":"closed","ping_status":"closed","template":"","meta":{"_seopress_robots_primary_cat":""},"blocksy_meta":{"styles_descriptor":{"styles":{"desktop":"","tablet":"","mobile":""},"google_fonts":[],"version":5},"page_title_panel":"","has_hero_section":"disabled","580ad4917e69386f40bedbbe01dd296b":"","hero_section":"type-2","hero_elements":[{"id":"custom_title","enabled":true,"heading_tag":"h1","title":"Home"},{"id":"custom_description","enabled":true,"description_visibility":{"desktop":true,"tablet":true,"mobile":false}},{"id":"custom_meta","enabled":false,"meta_elements":[{"id":"author","enabled":true,"label":"By","has_author_avatar":"yes","avatar_size":25},{"id":"post_date","enabled":true,"label":"On","date_format_source":"default","date_format":"M j, Y"},{"id":"updated_date","enabled":false,"label":"On","date_format_source":"default","date_format":"M j, Y"},{"id":"categories","enabled":false,"label":"In","style":"simple"},{"id":"comments","enabled":true}],"page_meta_elements":{"joined":true,"articles_count":true,"comments":true}},{"id":"breadcrumbs","enabled":false}],"21393d0b8052d634d5a71ab3e496fc0d":"","hero_alignment1":"CT_CSS_SKIP_RULE","hero_margin":40,"hero_alignment2":"center","hero_vertical_alignment":"center","db6fafa86961b2cc5212f028a990a0da":"","hero_structure":"narrow","f10a7659b3b93b1183ef1de022fc94d5":"","page_title_bg_type":"custom_image","custom_hero_background":{"attachment_id":null,"url":null},"page_title_image_size":"full","parallax":{"desktop":false,"tablet":false,"mobile":false},"e57ddcf9c7759f9e390b571f85c0c4c7":"","hero_height":"250px","pageTitleFont":{"family":"Default","variation":"Default","size":{"desktop":"40px","tablet":"40px","mobile":"40px","__changed":[]},"line-height":"CT_CSS_SKIP_RULE","letter-spacing":"CT_CSS_SKIP_RULE","text-transform":"uppercase","text-decoration":"CT_CSS_SKIP_RULE"},"pageTitleFontColor":{"default":{"color":"var(--paletteColor8)"}},"pageMetaFont":{"family":"Default","variation":"n6","size":"12px","line-height":"1.3","letter-spacing":"CT_CSS_SKIP_RULE","text-transform":"uppercase","text-decoration":"CT_CSS_SKIP_RULE"},"pageMetaFontColor":{"default":{"color":"CT_CSS_SKIP_RULEDEFAULT"},"hover":{"color":"CT_CSS_SKIP_RULEDEFAULT"}},"page_meta_button_type_font_colors":{"default":{"color":"CT_CSS_SKIP_RULEDEFAULT"},"hover":{"color":"CT_CSS_SKIP_RULEDEFAULT"}},"page_meta_button_type_background_colors":{"default":{"color":"CT_CSS_SKIP_RULEDEFAULT"},"hover":{"color":"CT_CSS_SKIP_RULEDEFAULT"}},"pageExcerptFont":{"family":"Default","variation":"Default","size":"CT_CSS_SKIP_RULE","line-height":"CT_CSS_SKIP_RULE","letter-spacing":"CT_CSS_SKIP_RULE","text-transform":"CT_CSS_SKIP_RULE","text-decoration":"CT_CSS_SKIP_RULE"},"pageExcerptColor":{"default":{"color":"CT_CSS_SKIP_RULEDEFAULT"}},"breadcrumbsFont":{"family":"Default","variation":"Default","size":"CT_CSS_SKIP_RULE","line-height":"CT_CSS_SKIP_RULE","letter-spacing":"CT_CSS_SKIP_RULE","text-transform":"CT_CSS_SKIP_RULE","text-decoration":"CT_CSS_SKIP_RULE"},"breadcrumbsFontColor":{"default":{"color":"CT_CSS_SKIP_RULEDEFAULT"},"initial":{"color":"CT_CSS_SKIP_RULEDEFAULT"},"hover":{"color":"CT_CSS_SKIP_RULEDEFAULT"}},"pageTitleOverlay":{"background_type":"color","background_pattern":"type-1","background_image":{"attachment_id":null,"x":0,"y":0},"gradient":"linear-gradient(135deg,rgba(6,147,227,1) 0%,rgb(155,81,224) 100%)","background_repeat":"repeat","background_size":"auto","background_attachment":"scroll","patternColor":{"default":{"color":"#e5e7ea"}},"overlayColor":{"default":{"color":"CT_CSS_SKIP_RULE"}},"backgroundColor":{"default":{"color":"rgba(0, 0, 0, 0.5)"}}},"pageTitleBackground":{"background_type":"color","background_pattern":"type-1","background_image":{"attachment_id":null,"x":0,"y":0},"gradient":"linear-gradient(135deg,rgba(6,147,227,1) 0%,rgb(155,81,224) 100%)","background_repeat":"repeat","background_size":"auto","background_attachment":"scroll","patternColor":{"default":{"color":"#e5e7ea"}},"overlayColor":{"default":{"color":"CT_CSS_SKIP_RULE"}},"backgroundColor":{"default":{"color":"var(--paletteColor6)"}}},"pageTitlePadding":{"top":"50px","bottom":"50px","left":"auto","right":"auto","linked":true},"f1480ca6421a901f9b53300806c1cda0":"","page_structure_type":"default","af2c3edd0f400cf6cc2a49cfbc523f8f":"","content_style_source":"inherit","content_style":"wide","vertical_spacing_source":"custom","content_area_spacing":"bottom","background":{"background_type":"color","background_pattern":"type-1","background_image":{"attachment_id":null,"x":0,"y":0},"gradient":"linear-gradient(135deg,rgba(6,147,227,1) 0%,rgb(155,81,224) 100%)","background_repeat":"repeat","background_size":"auto","background_attachment":"scroll","patternColor":{"default":{"color":"#e5e7ea"}},"overlayColor":{"default":{"color":"CT_CSS_SKIP_RULE"}},"backgroundColor":{"default":{"color":"CT_CSS_SKIP_RULE"}}},"content_background":{"background_type":"color","background_pattern":"type-1","background_image":{"attachment_id":null,"x":0,"y":0},"gradient":"linear-gradient(135deg,rgba(6,147,227,1) 0%,rgb(155,81,224) 100%)","background_repeat":"repeat","background_size":"auto","background_attachment":"scroll","patternColor":{"default":{"color":"#e5e7ea"}},"overlayColor":{"default":{"color":"CT_CSS_SKIP_RULE"}},"backgroundColor":{"default":{"color":"var(--paletteColor8)"}}},"content_boxed_shadow":{"inherit":false,"blur":18,"spread":-6,"v_offset":12,"h_offset":0,"inset":false,"enable":true,"color":{"color":"rgba(34, 56, 101, 0.04)"}},"content_boxed_border":{"width":1,"style":"none","color":{"color":"rgba(44,62,80,0.2)"}},"content_boxed_radius":{"top":"3px","bottom":"3px","left":"3px","right":"3px","linked":true},"boxed_content_spacing":{"desktop":{"top":"40px","bottom":"40px","left":"40px","right":"40px","linked":true},"tablet":{"top":"35px","bottom":"35px","left":"35px","right":"35px","linked":true},"mobile":{"top":"20px","bottom":"20px","left":"20px","right":"20px","linked":true}},"fb941d5794eea5f2d01929081ecdc838":"","disable_featured_image":"no","disable_share_box":"no","disable_header":"no","disable_footer":"no"},"_links":{"self":[{"href":"https:\/\/vicvape.com\/fr\/wp-json\/wp\/v2\/pages\/374"}],"collection":[{"href":"https:\/\/vicvape.com\/fr\/wp-json\/wp\/v2\/pages"}],"about":[{"href":"https:\/\/vicvape.com\/fr\/wp-json\/wp\/v2\/types\/page"}],"author":[{"embeddable":true,"href":"https:\/\/vicvape.com\/fr\/wp-json\/wp\/v2\/users\/1"}],"replies":[{"embeddable":true,"href":"https:\/\/vicvape.com\/fr\/wp-json\/wp\/v2\/comments?post=374"}],"version-history":[{"count":7,"href":"https:\/\/vicvape.com\/fr\/wp-json\/wp\/v2\/pages\/374\/revisions"}],"predecessor-version":[{"id":664,"href":"https:\/\/vicvape.com\/fr\/wp-json\/wp\/v2\/pages\/374\/revisions\/664"}],"wp:attachment":[{"href":"https:\/\/vicvape.com\/fr\/wp-json\/wp\/v2\/media?parent=374"}],"curies":[{"name":"wp","href":"https:\/\/api.w.org\/{rel}","templated":true}]}}