{"id":96,"date":"2023-01-05T11:02:36","date_gmt":"2023-01-05T11:02:36","guid":{"rendered":"https:\/\/vicvape.com\/?post_type=product&#038;p=96"},"modified":"2025-05-13T12:54:10","modified_gmt":"2025-05-13T12:54:10","slug":"crystal-very-berry-cranberry","status":"publish","type":"product","link":"https:\/\/vicvape.com\/cs\/produkt\/crystal-very-berry-cranberry\/","title":{"rendered":"Crystal Very Berry Cranberry"},"content":{"rendered":"<p><strong>PARAMETRY<\/strong><br \/>\nVelikost: 17x17x104 mm<br \/>\nKapacita E-LIQUID: 2,0 ml<br \/>\nKapacita baterie: 550MAH<br \/>\nPo\u010det tah\u016f: 600+<br \/>\nC\u00edvka: 1,2\u03a9 MESH C\u00cdvka<br \/>\nSlo\u017een\u00ed: rostlinn\u00fd glycerin, propylen glykol, aroma, nikotin.<br \/>\n2 MG = 2 UG nikotinu na jedno pot\u00e1hnut\u00ed, (2 %)\/ML obsah nikotinu.<\/p>\n<p><strong>UPOZORN\u011aN\u00cd<\/strong><br \/>\nNov\u00fd u\u017eivatel\u00e9 E-cigaret mohou c\u00edtit podr\u00e1\u017ed\u011bn\u00ed \u00fast, such\u00e9 hrdlo nebo ka\u0161el pokud se nadechnou z inhal\u00e1toru p\u0159\u00edli\u0161 mnoho nebo pou\u017e\u00edvaj\u00ed produkt velmi \u010dasto. M\u016f\u017eete poc\u00edtit jeden nebo v\u00edce z n\u00e1sleduj\u00edc\u00edch efekt\u016f: pocit na odpadnut\u00ed, nevolnost, ka\u0161el, podr\u00e1\u017ed\u011bn\u00ed \u00fast nebo hrdla, z\u00e1vrat\u011b, podr\u00e1\u017ed\u011bn\u00ed \u017ealudku, \u0161kytavka, zvracen\u00ed, bu\u0161en\u00ed v hrudn\u00edku, neobvykl\u00e1 srde\u010dn\u00ed \u010dinnost. Pokud n\u011bkter\u00e9 z t\u011bchto ne\u017e\u00e1douc\u00edch \u00fa\u010dink\u016f poc\u00edt\u00edte, p\u0159esta\u0148te produkt okam\u017eit\u011b pou\u017e\u00edvat, pora\u010fte se s l\u00e9ka\u0159em nebo zdravotn\u00edm odborn\u00edkem a nahlaste podrobnosti o ne\u017e\u00e1douc\u00edch \u00fa\u010dinc\u00edch.<\/p>\n<p><strong>INSTRUKCE<\/strong><br \/>\nUjist\u011bte se, \u017ee je kontejner zcela zav\u0159en\u00fd a ve vzp\u0159\u00edmen\u00e9 poloze. Skladujte produkt p\u0159i teplot\u011b mezi 18-30 \u00b0C a mimo slune\u010dn\u00ed z\u00e1\u0159en\u00ed. Produkt neskladujte v chladni\u010dce, neoh\u0159\u00edvejte, nezmrazujte. Uchov\u00e1vejte produkt mimo dosah d\u011bt\u00ed a zv\u00ed\u0159at.<\/p>\n<p><strong>UPOZORN\u011aN\u00cd A P\u0158EDB\u011a\u017dN\u00c1 OPAT\u0158EN\u00cd<\/strong><br \/>\nTento produkt se nedoporu\u010duje pou\u017e\u00edvat mlad\u00fdm lidem (pod 18 let)a t\u011bhotn\u00fd, nebo koj\u00edc\u00edm \u017een\u00e1m nebo t\u011bm, kte\u0159\u00ed maj\u00ed zdravotn\u00ed pot\u00ed\u017ee. Pros\u00edm p\u0159e\u010dt\u011bte si tuto informaci p\u0159edt\u00edm ne\u017e za\u010dnete s pou\u017e\u00edv\u00e1n\u00edm tohoto produktu.<\/p>\n<p style=\"text-align: center;\"><strong>Upozorn\u011bn\u00ed: Tento produkt obsahuje nikotin! Nikotin je n\u00e1vykov\u00e1 l\u00e1tka!<\/strong><\/p>","protected":false},"excerpt":{"rendered":"<p>Flavour: Strawberry Lemonade<\/p>\n<p>Crystal 600 disposable vapes are constructed with stainless steel and a food-grade PCTG material to present a stunning crystal design.<\/p>","protected":false},"featured_media":72,"template":"","meta":{"_seopress_robots_primary_cat":"none"},"product_cat":[120],"product_tag":[],"bundled_by":["254","211","252","253"],"bundle_stock_status":"outofstock","bundle_stock_quantity":null,"bundle_virtual":false,"bundle_layout":"","bundle_add_to_cart_form_location":"","bundle_editable_in_cart":false,"bundle_sold_individually_context":"","bundle_item_grouping":"","bundle_min_size":"","bundle_max_size":"","bundle_price":[],"bundled_items":[],"bundle_sell_ids":[],"_links":{"self":[{"href":"https:\/\/vicvape.com\/cs\/wp-json\/wp\/v2\/product\/96"}],"collection":[{"href":"https:\/\/vicvape.com\/cs\/wp-json\/wp\/v2\/product"}],"about":[{"href":"https:\/\/vicvape.com\/cs\/wp-json\/wp\/v2\/types\/product"}],"wp:featuredmedia":[{"embeddable":true,"href":"https:\/\/vicvape.com\/cs\/wp-json\/wp\/v2\/media\/72"}],"wp:attachment":[{"href":"https:\/\/vicvape.com\/cs\/wp-json\/wp\/v2\/media?parent=96"}],"wp:term":[{"taxonomy":"product_cat","embeddable":true,"href":"https:\/\/vicvape.com\/cs\/wp-json\/wp\/v2\/product_cat?post=96"},{"taxonomy":"product_tag","embeddable":true,"href":"https:\/\/vicvape.com\/cs\/wp-json\/wp\/v2\/product_tag?post=96"}],"curies":[{"name":"wp","href":"https:\/\/api.w.org\/{rel}","templated":true}]}}